{"id":18508,"date":"2023-09-06T16:16:02","date_gmt":"2023-09-06T21:16:02","guid":{"rendered":"https:\/\/ventas-rentas.com\/?page_id=18508"},"modified":"2023-09-06T16:26:19","modified_gmt":"2023-09-06T21:26:19","slug":"aviso-de-privacidad","status":"publish","type":"page","link":"https:\/\/ventas-rentas.com\/index.php\/aviso-de-privacidad\/","title":{"rendered":"AVISO DE PRIVACIDAD"},"content":{"rendered":"\n<p class=\"has-text-align-left has-text-color\" style=\"color:#345378\">De conformidad con lo establecido por la Ley Federal de Protecci\u00f3n de Datos Personales, mi oficina inmobiliaria <strong>rentas-ventas.com<\/strong>, con domicilio en Plaza Comercial Itzquinapan Int.4, Colonia Itzquinapan en San Miguel de Allende, tel\u00e9fono (415) 114 15 22. <em><strong>Carlos Mart\u00ednez<\/strong><\/em>, a quien en lo sucesivo se le denominar\u00e1&nbsp; <strong>\u201cASESOR INMOBILIARIO\u201d<\/strong> ,podr\u00e1 solicitar a los propietarios de inmuebles que contraten mi servicios para la promoci\u00f3n en venta o renta de sus inmuebles, los documentos e informaci\u00f3n personal a los titulares de los mismos, que enunciativa m\u00e1s no limitativamente se describen a continuaci\u00f3n:<\/p>\n\n\n\n<p class=\"has-text-color\" style=\"color:#00a9ca\"><strong>A. Escritura de compraventa o t\u00edtulo de propiedad con sellos del Registro<\/strong><\/p>\n\n\n\n<p class=\"has-text-color\" style=\"color:#00a9ca\"><strong>P\u00fablico de la Propiedad y del Comercio.<\/strong><\/p>\n\n\n\n<p class=\"has-text-color\" style=\"color:#00a9ca\"><strong>B. Identificaci\u00f3n oficial con fotograf\u00eda.<\/strong><\/p>\n\n\n\n<p class=\"has-text-color\" style=\"color:#00a9ca\"><strong>C. Acta de matrimonio (en su caso).<\/strong><\/p>\n\n\n\n<p class=\"has-text-color\" style=\"color:#00a9ca\"><strong>D. Boleta del pago del impuesto predial (\u00faltimo a\u00f1o pagado)<\/strong><\/p>\n\n\n\n<p class=\"has-text-color\" style=\"color:#00a9ca\"><strong>E. Recibo del pago por derechos de agua (\u00faltimo bimestre pagado)<\/strong><\/p>\n\n\n\n<p class=\"has-text-color\" style=\"color:#00a9ca\"><strong>F. Recibos de luz, tel\u00e9fono y mantenimiento.<\/strong><\/p>\n\n\n\n<p class=\"has-text-color\" style=\"color:#00a9ca\"><strong>G. Estados de cuentas bancarios o comerciales (para efectos de exenci\u00f3n<\/strong><\/p>\n\n\n\n<p class=\"has-text-color\" style=\"color:#00a9ca\"><strong>del ISR)<\/strong><\/p>\n\n\n\n<p class=\"has-text-color\" style=\"color:#00a9ca\"><strong>H. Datos generales del propietario o copropietarios tales como nombre, edad, nacionalidad, estado civil, ocupaci\u00f3n, domicilio, tel\u00e9fono particular o celular, e-mail, y CURP.<\/strong><\/p>\n\n\n\n<p class=\"has-text-color\" style=\"color:#00a9ca\"><strong>I. Cualquier otro requerido por el \u201cASESOR INMOBILIARIO \u0308\u201d para la venta o renta del inmueble<\/strong>.<\/p>\n\n\n\n<p class=\"has-text-color\" style=\"color:#345378\">La informaci\u00f3n y copias de los documentos antes indicados quedar\u00e1n a resguardo del <strong>\u201cASESOR INMOBILIARIO \u0308\u201d<\/strong> quien se compromete adicionalmente a no revelarlos a ninguna persona ajena salvo autorizaci\u00f3n expresa del titular o cuando sea requerido por autoridad competente. Los documentos e informaci\u00f3n antes indicada solamente ser\u00e1n utilizados por el <strong>\u201cASESOR INMOBILIARIO \u0308\u201d <\/strong>para efectos de realizar un diagn\u00f3stico jur\u00eddico, fiscal y de mercado informando oportunamente cualquier situaci\u00f3n que pudiera afectar o entorpecer su libre transmisi\u00f3n o uso, y para efectos de la promoci\u00f3n en venta o renta de dicho inmueble. En caso de llevarse a cabo la operaci\u00f3n de venta\/renta del inmueble, \u201cEl Asesor Inmobiliario\u201d con el previo consentimiento expreso del titular, podr\u00e1 entregar dichos documentos o informaci\u00f3n personal a la instituci\u00f3n Crediticia y\/o Notario P\u00fablico designado para llevar a cabo los tr\u00e1mites de escrituraci\u00f3n del inmueble, o a las agencias de bienes ra\u00edces con las que se trabaje en cooperaci\u00f3n y las compa\u00f1\u00edas que proveen servicios de <strong><u>ESCROW<\/u><\/strong>. En caso de. que el inmueble del titular no se logre vender o rentar por conducto del <strong>\u201cASESOR INMOBILIARIO \u0308\u201d<\/strong> durante la vigencia del contrato de prestaci\u00f3n de servicios, \u00e9sta se compromete a devolver al titular toda la documentaci\u00f3n recibida, al momento de la cancelaci\u00f3n o terminaci\u00f3n de la vigencia del contrato de prestaci\u00f3n de servicios celebrado entre <strong>\u201cASESOR INMOBILIARIO \u0308\u201d<\/strong> y el titular.<\/p>\n","protected":false},"excerpt":{"rendered":"<p>De conformidad con lo establecido por la Ley Federal de Protecci\u00f3n de Datos Personales, mi oficina inmobiliaria rentas-ventas.com, con domicilio en Plaza Comercial Itzquinapan Int.4, Colonia Itzquinapan en San Miguel de Allende, tel\u00e9fono (415) 114 15 22. Carlos Mart\u00ednez, a quien en lo sucesivo se le denominar\u00e1&nbsp; \u201cASESOR INMOBILIARIO\u201d ,podr\u00e1 solicitar a los propietarios de [&hellip;]<\/p>\n","protected":false},"author":1,"featured_media":0,"parent":0,"menu_order":0,"comment_status":"closed","ping_status":"closed","template":"","meta":{"om_disable_all_campaigns":false,"_monsterinsights_skip_tracking":false,"_monsterinsights_sitenote_active":false,"_monsterinsights_sitenote_note":"","_monsterinsights_sitenote_category":0,"footnotes":""},"class_list":["post-18508","page","type-page","status-publish","hentry"],"aioseo_notices":[],"_links":{"self":[{"href":"https:\/\/ventas-rentas.com\/index.php\/wp-json\/wp\/v2\/pages\/18508","targetHints":{"allow":["GET"]}}],"collection":[{"href":"https:\/\/ventas-rentas.com\/index.php\/wp-json\/wp\/v2\/pages"}],"about":[{"href":"https:\/\/ventas-rentas.com\/index.php\/wp-json\/wp\/v2\/types\/page"}],"author":[{"embeddable":true,"href":"https:\/\/ventas-rentas.com\/index.php\/wp-json\/wp\/v2\/users\/1"}],"replies":[{"embeddable":true,"href":"https:\/\/ventas-rentas.com\/index.php\/wp-json\/wp\/v2\/comments?post=18508"}],"version-history":[{"count":4,"href":"https:\/\/ventas-rentas.com\/index.php\/wp-json\/wp\/v2\/pages\/18508\/revisions"}],"predecessor-version":[{"id":18516,"href":"https:\/\/ventas-rentas.com\/index.php\/wp-json\/wp\/v2\/pages\/18508\/revisions\/18516"}],"wp:attachment":[{"href":"https:\/\/ventas-rentas.com\/index.php\/wp-json\/wp\/v2\/media?parent=18508"}],"curies":[{"name":"wp","href":"https:\/\/api.w.org\/{rel}","templated":true}]}}